{"id":777,"date":"2024-10-16T17:36:45","date_gmt":"2024-10-16T20:36:45","guid":{"rendered":"https:\/\/iespenaloza-sjn.infd.edu.ar\/sitio\/informacion-alumnos-libres\/"},"modified":"2024-10-21T19:40:29","modified_gmt":"2024-10-21T22:40:29","slug":"informacion-alumnos-libres","status":"publish","type":"page","link":"https:\/\/iespenaloza-sjn.infd.edu.ar\/sitio\/informacion-alumnos-libres\/","title":{"rendered":"ALUMNOS LIBRES"},"content":{"rendered":"\n<div class=\"wp-block-columns is-layout-flex wp-container-6\">\n<div class=\"wp-block-column is-vertically-aligned-center is-layout-flow\" style=\"flex-basis:100%\">\n<div class=\"wp-block-columns is-layout-flex wp-container-4\">\n<div class=\"wp-block-column is-layout-flow\" style=\"flex-basis:100%\">\n<div class=\"wp-block-columns is-layout-flex wp-container-2\">\n<div class=\"wp-block-column is-layout-flow\" style=\"flex-basis:100%\">\n<h5 style=\"text-align: center;\"><u>INSCRIPCI\u00d3N CONDICI\u00d3N ALUMNOS LIBRES -Noviembre- Diciembr<span style=\"color: #000000;\">e 2024<\/span><\/u><\/h5>\n<ul>\n<li><strong>Fecha de Inscripci\u00f3n:1 y 2 de Noviembre <\/strong>2024 <strong>(sin excepci\u00f3n)<\/strong> con formulario en p\u00e1gina web del Instituto.<\/li>\n<li>Solo ser\u00e1n v\u00e1lidas las inscripciones de estudiantes que hayan asistido a consulta de la Unidad Curricular en que se inscribe previo al 1 de noviembre de 2024.<\/li>\n<li><strong>Presentaci\u00f3n de Trabajos: 8 de noviembre de 2024 <\/strong>(presentaci\u00f3n solamente por correo electr\u00f3nico a cada profesor).<\/li>\n<li><strong>Publicaci\u00f3n de resultados<span style=\"color: #000000;\">: 15 de noviembre cada docente informar\u00e1<\/span><\/strong>. Los alumnos cuyos trabajos sean aprobados pueden rendir en condici\u00f3n de libre en las Mesas de Examen del turno de diciembre de 2024.\u00a0<\/li>\n<\/ul>\n<h5 style=\"text-align: left;\"><em><strong>Formulario Inscripci\u00f3n Condici\u00f3n Alumnos Libres-Noviembre &#8211; Diciembre 2024<span style=\"color: #000000;\">:<\/span><\/strong><\/em><\/h5>\n<h5>\u00a0 \u00a0 \u00a0 \u00a0 \u00a0 \u00a0 \u00a0 \u00a0 \u00a0 \u00a0 \u00a0 \u00a0 \u00a0 \u00a0 \u00a0 \u00a0 \u00a0 \u00a0 \u00a0 \u00a0 \u00a0 \u00a0 \u00a0 \u00a0 \u00a0 INGRESO\u00a0 2020 al 2024 &#8211;\u00a0 <a href=\"https:\/\/docs.google.com\/forms\/d\/e\/1FAIpQLSc03eW4593_Ozcj18JfQl6R3apgxfMoATDBgxWGCvHG8dMyQQ\/closedform\">Formulario de Inscripci\u00f3n<\/a><\/h5>\n<h5 style=\"text-align: left;\">\u00a0 \u00a0 \u00a0 \u00a0 \u00a0 \u00a0 \u00a0 \u00a0 \u00a0 \u00a0 \u00a0 \u00a0 \u00a0 \u00a0 \u00a0 \u00a0 \u00a0 \u00a0 \u00a0 \u00a0 \u00a0 \u00a0 \u00a0 \u00a0 \u00a0 INGRESO\u00a0 2015 al 2019 &#8211;\u00a0 <a href=\"https:\/\/docs.google.com\/forms\/d\/e\/1FAIpQLSdbu7juyWgGKTl_djLVgAHGI0ZHZ_QT0qA4PC0tVOKbnVEFmQ\/closedform\">Formulario de Inscripci\u00f3n<\/a><\/h5>\n<hr \/>\n<h4 style=\"text-align: center;\">\u00a0<\/h4>\n\n\n\n<figure class=\"wp-block-video aligncenter\"><video controls src=\"https:\/\/iespenaloza-sjn.infd.edu.ar\/sitio\/wp-content\/uploads\/2024\/10\/ines-1.mp4\"><\/video><\/figure>\n<\/div>\n<\/div>\n<\/div>\n<\/div>\n<\/div>\n<\/div>\n","protected":false},"excerpt":{"rendered":"<p>INSCRIPCI\u00d3N CONDICI\u00d3N ALUMNOS LIBRES -Noviembre- Diciembre 2024 Fecha de Inscripci\u00f3n:1 y 2 de Noviembre 2024 (sin excepci\u00f3n) con formulario en p\u00e1gina web del Instituto. Solo ser\u00e1n v\u00e1lidas las inscripciones de estudiantes que hayan asistido a consulta de la Unidad Curricular en que se inscribe previo al 1 de noviembre de 2024. Presentaci\u00f3n de Trabajos: 8 &#8230; <a title=\"ALUMNOS LIBRES\" class=\"read-more\" href=\"https:\/\/iespenaloza-sjn.infd.edu.ar\/sitio\/informacion-alumnos-libres\/\" aria-label=\"More on ALUMNOS LIBRES\">[+]<\/a><\/p>\n","protected":false},"author":489,"featured_media":0,"parent":0,"menu_order":0,"comment_status":"closed","ping_status":"closed","template":"","meta":[],"acf":[],"_links":{"self":[{"href":"https:\/\/iespenaloza-sjn.infd.edu.ar\/sitio\/wp-json\/wp\/v2\/pages\/777"}],"collection":[{"href":"https:\/\/iespenaloza-sjn.infd.edu.ar\/sitio\/wp-json\/wp\/v2\/pages"}],"about":[{"href":"https:\/\/iespenaloza-sjn.infd.edu.ar\/sitio\/wp-json\/wp\/v2\/types\/page"}],"author":[{"embeddable":true,"href":"https:\/\/iespenaloza-sjn.infd.edu.ar\/sitio\/wp-json\/wp\/v2\/users\/489"}],"replies":[{"embeddable":true,"href":"https:\/\/iespenaloza-sjn.infd.edu.ar\/sitio\/wp-json\/wp\/v2\/comments?post=777"}],"version-history":[{"count":109,"href":"https:\/\/iespenaloza-sjn.infd.edu.ar\/sitio\/wp-json\/wp\/v2\/pages\/777\/revisions"}],"predecessor-version":[{"id":3520,"href":"https:\/\/iespenaloza-sjn.infd.edu.ar\/sitio\/wp-json\/wp\/v2\/pages\/777\/revisions\/3520"}],"wp:attachment":[{"href":"https:\/\/iespenaloza-sjn.infd.edu.ar\/sitio\/wp-json\/wp\/v2\/media?parent=777"}],"curies":[{"name":"wp","href":"https:\/\/api.w.org\/{rel}","templated":true}]}}