{"id":761,"date":"2018-06-28T01:49:30","date_gmt":"2018-06-28T04:49:30","guid":{"rendered":"https:\/\/iespenaloza-sjn.infd.edu.ar\/sitio\/egresados\/"},"modified":"2026-04-13T21:33:30","modified_gmt":"2026-04-14T00:33:30","slug":"egresados","status":"publish","type":"page","link":"https:\/\/iespenaloza-sjn.infd.edu.ar\/sitio\/egresados\/","title":{"rendered":"Convocatoria a Adscripciones\/Ayudant\u00edas 2026"},"content":{"rendered":"\n<p>Desde el 13 al 24 de Abril de 2026 se encuentra abierta la convocatoria para adscripciones\/ayudant\u00edas a UCs de la Formaci\u00f3n Espec\u00edfica de los profesorados del INES.<\/p>\n\n\n\n<p>El concurso de antecedentes y oposici\u00f3n se llevar\u00e1 a cabo entre el 27 y 30 de abril de 2026.<\/p>\n\n\n<div class=\"wp-block-image\">\n<figure class=\"aligncenter size-full\"><img decoding=\"async\" loading=\"lazy\" width=\"424\" height=\"119\" src=\"https:\/\/iespenaloza-sjn.infd.edu.ar\/sitio\/wp-content\/uploads\/2024\/04\/image.png\" alt=\"\" class=\"wp-image-3203\"\/><\/figure><\/div>\n\n\n<div class=\"wp-block-file\"><object class=\"wp-block-file__embed\" data=\"https:\/\/iespenaloza-sjn.infd.edu.ar\/sitio\/wp-content\/uploads\/2024\/04\/ADSCRIPCIONES-Requisitos-y-reglamentacion.pdf\" type=\"application\/pdf\" style=\"width:100%;height:600px\" aria-label=\"Incrustado de ADSCRIPCIONES-Requisitos-y-reglamentacion.\"><\/object><a id=\"wp-block-file--media-2360f918-1856-49a5-8a3c-31a74d09b0a0\" href=\"https:\/\/iespenaloza-sjn.infd.edu.ar\/sitio\/wp-content\/uploads\/2024\/04\/ADSCRIPCIONES-Requisitos-y-reglamentacion.pdf\">ADSCRIPCIONES-Requisitos-y-reglamentacion<\/a><a href=\"https:\/\/iespenaloza-sjn.infd.edu.ar\/sitio\/wp-content\/uploads\/2024\/04\/ADSCRIPCIONES-Requisitos-y-reglamentacion.pdf\" class=\"wp-block-file__button wp-element-button\" download aria-describedby=\"wp-block-file--media-2360f918-1856-49a5-8a3c-31a74d09b0a0\">Descarga<\/a><\/div>\n\n\n<div class=\"wp-block-image\">\n<figure class=\"aligncenter size-full is-resized\"><img decoding=\"async\" loading=\"lazy\" src=\"https:\/\/iespenaloza-sjn.infd.edu.ar\/sitio\/wp-content\/uploads\/2025\/03\/ayudantias-edited.jpg\" alt=\"\" class=\"wp-image-3698\" width=\"433\" height=\"243\" srcset=\"https:\/\/iespenaloza-sjn.infd.edu.ar\/sitio\/wp-content\/uploads\/2025\/03\/ayudantias-edited.jpg 1156w, https:\/\/iespenaloza-sjn.infd.edu.ar\/sitio\/wp-content\/uploads\/2025\/03\/ayudantias-edited-1000x562.jpg 1000w, https:\/\/iespenaloza-sjn.infd.edu.ar\/sitio\/wp-content\/uploads\/2025\/03\/ayudantias-edited-768x432.jpg 768w\" sizes=\"(max-width: 433px) 100vw, 433px\" \/><\/figure><\/div>\n\n\n<div class=\"wp-block-file\"><object class=\"wp-block-file__embed\" data=\"https:\/\/iespenaloza-sjn.infd.edu.ar\/sitio\/wp-content\/uploads\/2025\/03\/AYUDANTIAS-alumnos-requisitos.pdf\" type=\"application\/pdf\" style=\"width:100%;height:600px\" aria-label=\"Incrustado de AYUDANTIAS-alumnos-requisitos.\"><\/object><a id=\"wp-block-file--media-5c9421c8-42ec-4426-8854-b850c173258f\" href=\"https:\/\/iespenaloza-sjn.infd.edu.ar\/sitio\/wp-content\/uploads\/2025\/03\/AYUDANTIAS-alumnos-requisitos.pdf\">AYUDANTIAS-alumnos-requisitos<\/a><a href=\"https:\/\/iespenaloza-sjn.infd.edu.ar\/sitio\/wp-content\/uploads\/2025\/03\/AYUDANTIAS-alumnos-requisitos.pdf\" class=\"wp-block-file__button wp-element-button\" download aria-describedby=\"wp-block-file--media-5c9421c8-42ec-4426-8854-b850c173258f\">Descarga<\/a><\/div>\n\n\n\n<p><strong>Espacios Curriculares para Adscribirse <\/strong><\/p>\n\n\n\n<div class=\"wp-block-file\"><object class=\"wp-block-file__embed\" data=\"https:\/\/iespenaloza-sjn.infd.edu.ar\/sitio\/wp-content\/uploads\/2026\/04\/AyudantiasyAdscripciones-2026.pdf\" type=\"application\/pdf\" style=\"width:100%;height:600px\" aria-label=\"Incrustado de AyudantiasyAdscripciones-2026.\"><\/object><a id=\"wp-block-file--media-b04bbfbe-c146-4536-ab60-b6bd79a88df1\" href=\"https:\/\/iespenaloza-sjn.infd.edu.ar\/sitio\/wp-content\/uploads\/2026\/04\/AyudantiasyAdscripciones-2026.pdf\">AyudantiasyAdscripciones-2026<\/a><a href=\"https:\/\/iespenaloza-sjn.infd.edu.ar\/sitio\/wp-content\/uploads\/2026\/04\/AyudantiasyAdscripciones-2026.pdf\" class=\"wp-block-file__button wp-element-button\" download aria-describedby=\"wp-block-file--media-b04bbfbe-c146-4536-ab60-b6bd79a88df1\">Descarga<\/a><\/div>\n","protected":false},"excerpt":{"rendered":"<p>Desde el 13 al 24 de Abril de 2026 se encuentra abierta la convocatoria para adscripciones\/ayudant\u00edas a UCs de la Formaci\u00f3n Espec\u00edfica de los profesorados del INES. El concurso de antecedentes y oposici\u00f3n se llevar\u00e1 a cabo entre el 27 y 30 de abril de 2026. Espacios Curriculares para Adscribirse<\/p>\n","protected":false},"author":489,"featured_media":0,"parent":0,"menu_order":0,"comment_status":"closed","ping_status":"closed","template":"","meta":[],"acf":[],"_links":{"self":[{"href":"https:\/\/iespenaloza-sjn.infd.edu.ar\/sitio\/wp-json\/wp\/v2\/pages\/761"}],"collection":[{"href":"https:\/\/iespenaloza-sjn.infd.edu.ar\/sitio\/wp-json\/wp\/v2\/pages"}],"about":[{"href":"https:\/\/iespenaloza-sjn.infd.edu.ar\/sitio\/wp-json\/wp\/v2\/types\/page"}],"author":[{"embeddable":true,"href":"https:\/\/iespenaloza-sjn.infd.edu.ar\/sitio\/wp-json\/wp\/v2\/users\/489"}],"replies":[{"embeddable":true,"href":"https:\/\/iespenaloza-sjn.infd.edu.ar\/sitio\/wp-json\/wp\/v2\/comments?post=761"}],"version-history":[{"count":14,"href":"https:\/\/iespenaloza-sjn.infd.edu.ar\/sitio\/wp-json\/wp\/v2\/pages\/761\/revisions"}],"predecessor-version":[{"id":4175,"href":"https:\/\/iespenaloza-sjn.infd.edu.ar\/sitio\/wp-json\/wp\/v2\/pages\/761\/revisions\/4175"}],"wp:attachment":[{"href":"https:\/\/iespenaloza-sjn.infd.edu.ar\/sitio\/wp-json\/wp\/v2\/media?parent=761"}],"curies":[{"name":"wp","href":"https:\/\/api.w.org\/{rel}","templated":true}]}}