{"id":3399,"date":"2026-03-31T12:39:21","date_gmt":"2026-03-31T15:39:21","guid":{"rendered":"https:\/\/iespenaloza-sjn.infd.edu.ar\/sitio\/?page_id=3399"},"modified":"2026-03-31T12:39:58","modified_gmt":"2026-03-31T15:39:58","slug":"competencia-comunicativa","status":"publish","type":"page","link":"https:\/\/iespenaloza-sjn.infd.edu.ar\/sitio\/competencia-comunicativa\/","title":{"rendered":"COMPETENCIA COMUNICATIVA"},"content":{"rendered":"\n<p>en Lenguas Extranjeras: ingl\u00e9s y franc\u00e9s<\/p>\n\n\n\n<p>Se encuentran abiertas las inscripciones para los cursos de Competencia Comunicativa en Lengua Extranjera (Ingl\u00e9s)<br><strong>Inicio de clases 13\/04\/2026.<\/strong><br>Los cursos son 100% virtuales con clases sincr\u00f3nicas y trabajo asincr\u00f3nico en plataforma.<br>Inscripciones en el link de cada curso.<br>Nivel A 1(Inicial)- <strong><a rel=\"noreferrer noopener\" href=\"https:\/\/docs.google.com\/forms\/d\/e\/1FAIpQLScy02o8NWVCx1ePbNAGnJqtmru1KFNc99o2wl5tPCez7Jbf_w\/viewform?pli=1\" target=\"_blank\">Formula<\/a><a href=\"https:\/\/docs.google.com\/forms\/d\/e\/1FAIpQLScy02o8NWVCx1ePbNAGnJqtmru1KFNc99o2wl5tPCez7Jbf_w\/viewform?pli=1\">rio<\/a><\/strong><br>Nivel A1+ &#8211; <strong><a href=\"https:\/\/docs.google.com\/forms\/d\/e\/1FAIpQLSc9n7CsVZxVSsNEij9m0Dx3zQhHtYktZSNYLDrav1B_v1fJvg\/viewform\">Formulario <\/a><\/strong><\/p>\n\n\n\n<figure class=\"wp-block-image size-full\"><img decoding=\"async\" loading=\"lazy\" width=\"1080\" height=\"1350\" src=\"https:\/\/iespenaloza-sjn.infd.edu.ar\/sitio\/wp-content\/uploads\/2026\/03\/WhatsApp-Image-2026-03-31-at-10.18.06-AM11.jpeg\" alt=\"\" class=\"wp-image-4154\" srcset=\"https:\/\/iespenaloza-sjn.infd.edu.ar\/sitio\/wp-content\/uploads\/2026\/03\/WhatsApp-Image-2026-03-31-at-10.18.06-AM11.jpeg 1080w, https:\/\/iespenaloza-sjn.infd.edu.ar\/sitio\/wp-content\/uploads\/2026\/03\/WhatsApp-Image-2026-03-31-at-10.18.06-AM11-800x1000.jpeg 800w, https:\/\/iespenaloza-sjn.infd.edu.ar\/sitio\/wp-content\/uploads\/2026\/03\/WhatsApp-Image-2026-03-31-at-10.18.06-AM11-768x960.jpeg 768w\" sizes=\"(max-width: 1080px) 100vw, 1080px\" \/><\/figure>\n\n\n\n<p><strong>Resoluci\u00f3n 12237-ME-24<\/strong><\/p>\n\n\n\n<p>El IN.E.S. \u201cDra. Carmen Pe\u00f1aloza\u201d, en su permanente compromiso con la formaci\u00f3n docente de calidad, ofrece a estudiantes avanzados (3\u00b0y 4\u00b0 a\u00f1o) y docentes de IFD\/IFT de la Provincia de San Juan cursos de Ingl\u00e9s y Franc\u00e9s en modalidad 100% virtual. Estos cursos apuntan a fortalecer la formaci\u00f3n inicial de futuros educadores y el desarrollo profesional continuo de docentes en actividad con una propuesta gratuita de calidad, avalada por la vasta trayectoria de ofertas del Instituto en Lenguas Extranjeras de su Centro Pluriling\u00fce.<\/p>\n\n\n\n<p>Las nuevas \u201cpresencialidades\u201d ofrecen la posibilidad de acceder a una amplia gama de opciones de capacitaci\u00f3n en un mundo cada vez m\u00e1s exigente. La virtualidad, combinada con una oferta de calidad en lenguas extranjeras, facilita nuevas formas de aprendizaje y permite el contacto con culturas que enriquecen las trayectorias acad\u00e9micas desde una perspectiva multicultural y pluriling\u00fce. La internacionalizaci\u00f3n de la formaci\u00f3n docente y t\u00e9cnica se presenta en la actualidad como una necesidad y un desaf\u00edo para las instituciones. Contar con profesionales en educaci\u00f3n y en el \u00e1mbito t\u00e9cnico que puedan acceder a informaci\u00f3n y participar en interacciones con otros actores alrededor del mundo representa, sin duda, una valiosa oportunidad para contribuir a la construcci\u00f3n de conocimientos en diversas \u00e1reas.<\/p>\n\n\n\n<p>Es por ello que la oferta de cursos virtuales de ingl\u00e9s y franc\u00e9s del IN.E.S. \u201cDra. Carmen Pe\u00f1aloza\u201d se posiciona como una propuesta que contribuye a jerarquizar y revalorizar la formaci\u00f3n docente y t\u00e9cnica, como factor clave de la mejora de la calidad educativa.<\/p>\n\n\n\n<p><strong>CARACTER\u00cdSTICAS DE LOS CURSOS<\/strong><\/p>\n\n\n\n<p>Los cursos son 100% virtuales, con clases sincr\u00f3nicas y asincr\u00f3nicas. Cada curso cuenta con un aula alojada en la plataforma virtual del instituto donde se encuentra todo el material de estudio y las actividades a desarrollar por los estudiantes. Estos cursos requieren de una organizaci\u00f3n personal para realizar algunas tareas de manera aut\u00f3noma a medida que se avanza en la cursada. Las aulas virtuales contienen herramientas que permiten a los estudiantes consultar dudas y permanecer en contacto con el docente tutor que acompa\u00f1a el proceso de aprendizaje.<\/p>\n\n\n\n<p>Cada curso es certificado de manera individual al finalizar la cursada y una vez aprobadas las instancias evaluativas estipuladas. Los cursos tienen aval del ME seg\u00fan Resoluci\u00f3n N\u00b0 12237-ME-24<\/p>\n\n\n\n<p><strong>DURACI\u00d3N DE LOS CURSOS<\/strong><\/p>\n\n\n\n<p>En este primer cuatrimestre de 2026 la cursada se extender\u00e1 desde el 06\/04 al 04\/07 (evaluaci\u00f3n final incluida). Total de horas reloj: 64 hs<\/p>\n\n\n\n<p><strong>MODALIDAD DE CURSADO<\/strong>: 100% VIRTUAL<\/p>\n\n\n\n<p>Clase sincr\u00f3nica: 1 hora y media una vez por semana<\/p>\n\n\n\n<p>Trabajo asincr\u00f3nico en el aula: 2:30 semanales<\/p>\n\n\n\n<p>Total: 4hs reloj semanales de dedicaci\u00f3n para el cursado<\/p>\n\n\n\n<p><strong>REQUISITOS PARA LA INSCRIPCI\u00d3N<\/strong><\/p>\n\n\n\n<ul>\n<li>Ser estudiante avanzado de IFD\/IFT (Se solicitar\u00e1 comprobante\/certificado de alumno regular cursando 3\u00b0 o 4\u00b0 a\u00f1o en los institutos para ser adjuntado en el formulario de inscripci\u00f3n).<\/li>\n<\/ul>\n\n\n\n<ul>\n<li>Ser docente de IFD\/IFT o de otros niveles (Se solicita adjuntar EN EL FORMULARIO certificaci\u00f3n de servicio actualizada de la instituci\u00f3n a la que pertenece).<\/li>\n<\/ul>\n\n\n\n<p><strong>ACREDITACI\u00d3N- REQUISITOS<\/strong><\/p>\n\n\n\n<ul>\n<li>80% ASISTENCIA a las clases sincr\u00f3nicas<\/li>\n\n\n\n<li>100% actividades realizadas en la plataforma<\/li>\n\n\n\n<li>100% evaluaciones de proceso aprobadas (cada una cuenta con recuperatorio)<\/li>\n\n\n\n<li>Evaluaci\u00f3n final integradora aprobada<\/li>\n<\/ul>\n\n\n\n<p><strong>CURSOS y HORARIOS DE CLASES SINCR\u00d3NICAS<\/strong><\/p>\n\n\n\n<p><strong><em>INGLES<\/em><\/strong><\/p>\n\n\n\n<p><strong>INGL\u00c9S GENERAL<\/strong><\/p>\n\n\n\n<p>NIVEL A 1 (Inicial b\u00e1sico) Lunes 8:00 a 9:30<\/p>\n\n\n\n<p>NIVEL A 2- Para este curso es necesario tener conocimientos de Ingl\u00e9s- Martes 14:30 a 16:00<\/p>\n\n\n\n<p><strong>&nbsp;LECTOCOMPRENSI\u00d3N EN INGL\u00c9S<\/strong><\/p>\n\n\n\n<p>NIVEL A1 (Inicial) Martes 8:00 a 9:30<\/p>\n\n\n\n<p><strong><em>FRANCES<\/em><\/strong><\/p>\n\n\n\n<p><strong>LECTOCOMPRENSI\u00d3N EN FRANC\u00c9S<\/strong><\/p>\n\n\n\n<p>NIVEL A1<\/p>\n\n\n\n<p>Lunes 16:00 &#8211; 17:30<\/p>\n\n\n<div class=\"wp-block-image\">\n<figure class=\"aligncenter size-full is-resized\"><img decoding=\"async\" loading=\"lazy\" src=\"https:\/\/iespenaloza-sjn.infd.edu.ar\/sitio\/wp-content\/uploads\/2024\/08\/image-1.png\" alt=\"\" class=\"wp-image-3407\" width=\"461\" height=\"236\"\/><\/figure><\/div>\n\n\n<p><strong>INSCRIPCIONES Y CUPOS<\/strong><\/p>\n\n\n\n<p>Cada curso tiene un cupo de 40 personas. <\/p>\n\n\n\n<p>Se acepta una inscripci\u00f3n por persona por idioma. Los niveles son correlativos, no se pueden cursar en simult\u00e1neo<\/p>\n\n\n\n<p><strong>IMPORTANTE! Para considerar v\u00e1lida la inscripci\u00f3n, el interesado debe adjuntar certificado de alumno regular (estudiantes) o certificaci\u00f3n de servicios (docentes). En ambos casos las certificaciones deben ser actualizadas.<\/strong><\/p>\n","protected":false},"excerpt":{"rendered":"<p>en Lenguas Extranjeras: ingl\u00e9s y franc\u00e9s Se encuentran abiertas las inscripciones para los cursos de Competencia Comunicativa en Lengua Extranjera (Ingl\u00e9s)Inicio de clases 13\/04\/2026.Los cursos son 100% virtuales con clases sincr\u00f3nicas y trabajo asincr\u00f3nico en plataforma.Inscripciones en el link de cada curso.Nivel A 1(Inicial)- FormularioNivel A1+ &#8211; Formulario Resoluci\u00f3n 12237-ME-24 El IN.E.S. \u201cDra. Carmen Pe\u00f1aloza\u201d, &#8230; <a title=\"COMPETENCIA COMUNICATIVA\" class=\"read-more\" href=\"https:\/\/iespenaloza-sjn.infd.edu.ar\/sitio\/competencia-comunicativa\/\" aria-label=\"More on COMPETENCIA COMUNICATIVA\">[+]<\/a><\/p>\n","protected":false},"author":452,"featured_media":0,"parent":0,"menu_order":0,"comment_status":"closed","ping_status":"closed","template":"","meta":[],"acf":[],"_links":{"self":[{"href":"https:\/\/iespenaloza-sjn.infd.edu.ar\/sitio\/wp-json\/wp\/v2\/pages\/3399"}],"collection":[{"href":"https:\/\/iespenaloza-sjn.infd.edu.ar\/sitio\/wp-json\/wp\/v2\/pages"}],"about":[{"href":"https:\/\/iespenaloza-sjn.infd.edu.ar\/sitio\/wp-json\/wp\/v2\/types\/page"}],"author":[{"embeddable":true,"href":"https:\/\/iespenaloza-sjn.infd.edu.ar\/sitio\/wp-json\/wp\/v2\/users\/452"}],"replies":[{"embeddable":true,"href":"https:\/\/iespenaloza-sjn.infd.edu.ar\/sitio\/wp-json\/wp\/v2\/comments?post=3399"}],"version-history":[{"count":9,"href":"https:\/\/iespenaloza-sjn.infd.edu.ar\/sitio\/wp-json\/wp\/v2\/pages\/3399\/revisions"}],"predecessor-version":[{"id":4155,"href":"https:\/\/iespenaloza-sjn.infd.edu.ar\/sitio\/wp-json\/wp\/v2\/pages\/3399\/revisions\/4155"}],"wp:attachment":[{"href":"https:\/\/iespenaloza-sjn.infd.edu.ar\/sitio\/wp-json\/wp\/v2\/media?parent=3399"}],"curies":[{"name":"wp","href":"https:\/\/api.w.org\/{rel}","templated":true}]}}